{"id":65,"date":"2011-12-27T10:21:23","date_gmt":"2011-12-27T10:21:23","guid":{"rendered":"http:\/\/www.aiasport.it\/?page_id=65"},"modified":"2012-01-17T14:11:15","modified_gmt":"2012-01-17T14:11:15","slug":"formazione-operatori-e-volontari","status":"publish","type":"page","link":"https:\/\/www.aiasport.it\/index.php\/formazione-operatori-e-volontari\/","title":{"rendered":"Formazione operatori e volontari"},"content":{"rendered":"<h3><img loading=\"lazy\" decoding=\"async\" class=\"alignleft  wp-image-605\" style=\"margin-left: 10px; margin-right: 10px;\" src=\"http:\/\/www.aiasport.it\/wp-content\/uploads\/2011\/12\/IMG_1660.jpg\" alt=\"\" width=\"200\" height=\"371\" \/>Dopo una decennale esperienza di lavoro nel campo dell\u2019attivit\u00e0 equestre per disabili, l\u2019\u00e9quipe dell\u2019AIASPORT Onlus intende affrontare, con dei seminari, temi relativi alla formazione e all&#8217;aggiornamento di persone che operano a contatto con la disabilit\u00e0, avvicinandoli al mondo equestre.<\/h3>\n<h3>\u00a0Il corso, a cadenza annuale, \u00e8 infatti rivolto ad educatori professionali, psicologi, pedagogisti, studenti in psicologia e in scienze dell\u2019educazione, operatori addetti all&#8217;assistenza, psicomotricisti, fisioterapisti, volontari, e a tutte quelle figure professionali che prestano il loro servizio a persone portatrici di handicap e\/o in situazione di disagio psico-sociale.<\/h3>\n<h3>Il percorso formativo \u00e8 suddiviso in una parte teorica della durata di 20 ore, nella quale vengono fornite informazioni sulla relazione tra handicap e cavallo.<\/h3>\n<h3>Gli argomenti trattati quali la pet-therapy, la scelta e la gestione del cavallo utilizzato per la riabilitazione equestre, l\u2019attivit\u00e0 equestre nella presa in carico della persona disabile, lo sport e il tempo libero a cavallo, le schede d\u2019ingresso e di verifica dell\u2019attivit\u00e0 equestre, la presentazione video di alcuni casi trattati, ecc. sono tutti rivolti a fornire ai partecipanti una conoscenza iniziale complessiva, ma al contempo specifica tale da agevolare la successiva fase operativa.<\/h3>\n<p>&nbsp;<\/p>\n<p>&nbsp;<\/p>\n<h3><img loading=\"lazy\" decoding=\"async\" class=\"alignleft  wp-image-607\" style=\"margin-left: 10px; margin-right: 10px;\" src=\"http:\/\/www.aiasport.it\/wp-content\/uploads\/2011\/12\/campeggio-2009-e-dintorni-102.jpg\" alt=\"\" width=\"200\" height=\"200\" srcset=\"https:\/\/www.aiasport.it\/wp-content\/uploads\/2011\/12\/campeggio-2009-e-dintorni-102.jpg 398w, https:\/\/www.aiasport.it\/wp-content\/uploads\/2011\/12\/campeggio-2009-e-dintorni-102-100x100.jpg 100w, https:\/\/www.aiasport.it\/wp-content\/uploads\/2011\/12\/campeggio-2009-e-dintorni-102-150x150.jpg 150w\" sizes=\"(max-width: 200px) 100vw, 200px\" \/>Vi \u00e8 poi una parte pratica della durata di 10 ore, nella quale vi \u00e8 la possibilit\u00e0 di sperimentare personalmente l\u2019utilizzo del cavallo e degli strumenti di lavoro.<\/h3>\n<h3>Segue, infine, un periodo di \u201ctirocinio pratico\u201d della durata di 20 ore, in cui ogni partecipante, seguito da un educatore dell&#8217;\u00e9quipe di formazione, viene introdotto al \u201clavoro sul campo\u201d, a diretto contatto con gli utenti del servizio.<\/h3>\n<h3>\u00a0Al termine del corso viene rilasciato un attestato di partecipazione<\/h3>\n","protected":false},"excerpt":{"rendered":"<p>Dopo una decennale esperienza di lavoro nel campo dell\u2019attivit\u00e0 equestre per disabili, l\u2019\u00e9quipe dell\u2019AIASPORT Onlus intende affrontare, con dei seminari, temi relativi alla formazione e all&#8217;aggiornamento di persone che operano a contatto con la disabilit\u00e0, avvicinandoli al mondo equestre. \u00a0Il corso, a cadenza annuale, \u00e8 infatti rivolto ad educatori professionali, psicologi, pedagogisti, studenti in psicologia &hellip; <\/p>\n<p><a class=\"more-link btn\" href=\"https:\/\/www.aiasport.it\/index.php\/formazione-operatori-e-volontari\/\">Continua a leggere<\/a><\/p>\n","protected":false},"author":1,"featured_media":0,"parent":0,"menu_order":0,"comment_status":"open","ping_status":"open","template":"template-onecolumn.php","meta":{"footnotes":""},"_links":{"self":[{"href":"https:\/\/www.aiasport.it\/index.php\/wp-json\/wp\/v2\/pages\/65"}],"collection":[{"href":"https:\/\/www.aiasport.it\/index.php\/wp-json\/wp\/v2\/pages"}],"about":[{"href":"https:\/\/www.aiasport.it\/index.php\/wp-json\/wp\/v2\/types\/page"}],"author":[{"embeddable":true,"href":"https:\/\/www.aiasport.it\/index.php\/wp-json\/wp\/v2\/users\/1"}],"replies":[{"embeddable":true,"href":"https:\/\/www.aiasport.it\/index.php\/wp-json\/wp\/v2\/comments?post=65"}],"version-history":[{"count":3,"href":"https:\/\/www.aiasport.it\/index.php\/wp-json\/wp\/v2\/pages\/65\/revisions"}],"predecessor-version":[{"id":606,"href":"https:\/\/www.aiasport.it\/index.php\/wp-json\/wp\/v2\/pages\/65\/revisions\/606"}],"wp:attachment":[{"href":"https:\/\/www.aiasport.it\/index.php\/wp-json\/wp\/v2\/media?parent=65"}],"curies":[{"name":"wp","href":"https:\/\/api.w.org\/{rel}","templated":true}]}}