{"id":630,"date":"2012-01-19T10:51:36","date_gmt":"2012-01-19T10:51:36","guid":{"rendered":"http:\/\/www.aiasport.it\/?page_id=630"},"modified":"2024-02-11T10:29:45","modified_gmt":"2024-02-11T10:29:45","slug":"le-affiliazioni","status":"publish","type":"page","link":"https:\/\/www.aiasport.it\/index.php\/le-affiliazioni\/","title":{"rendered":"Le affiliazioni"},"content":{"rendered":"\n<h3 class=\"wp-block-heading\">L&#8217;aiasport onlus \u00e8 affiliata a:<br><\/h3>\n\n\n\n<div class=\"wp-block-image\"><figure class=\"alignleft size-large is-resized\"><img loading=\"lazy\" decoding=\"async\" src=\"https:\/\/www.aiasport.it\/wp-content\/uploads\/2012\/01\/lega_atletica_uisp-950x405.png\" alt=\"\" class=\"wp-image-841\" width=\"285\" height=\"120\" srcset=\"https:\/\/www.aiasport.it\/wp-content\/uploads\/2012\/01\/lega_atletica_uisp-500x213.png 500w, https:\/\/www.aiasport.it\/wp-content\/uploads\/2012\/01\/lega_atletica_uisp-310x132.png 310w, https:\/\/www.aiasport.it\/wp-content\/uploads\/2012\/01\/lega_atletica_uisp-590x251.png 590w\" sizes=\"(max-width: 285px) 100vw, 285px\" \/><\/figure><\/div>\n\n\n\n<h2 class=\"wp-block-heading\"><strong><a rel=\"noopener\" href=\"www.uisp.it\" target=\"_blank\">UISP \u2013 Lega Attivit\u00e0 Equestri<\/a><\/strong><\/h2>\n\n\n\n<h4 class=\"has-large-font-size wp-block-heading\" style=\"font-style:normal;font-weight:400\">L&#8217;UISP (Unione Italiana Sport Per tutti) \u00e8 un\u2019associazione nazionale forte e consolidata che ha l&#8217;obiettivo di estendere il diritto allo sport a tutti, cercando di approfondire e far conoscere le varie facce dello &#8220;sport per tutti&#8221; e del suo &#8220;valore sociale&#8221;. Il tema della solidariet\u00e0, declinato sul terreno dell&#8217;inclusione e della socializzazione, diventa il nerbo di uno dei tanti progetti che l&#8217;Uisp attiva sul terreno dei diritti negati.<\/h4>\n\n\n\n<h3 class=\"has-large-font-size wp-block-heading\" style=\"font-style:normal;font-weight:400\">LA LEGA ATTIVITA&#8217; EQUESTRI \u00e8 fare attivit\u00e0 con e per piacere, nel <strong>massimo rispetto del cavallo<\/strong>, della sua struttura fisica e psichica. Educare con i cavalli e non &#8216;per mezzo&#8217; dei cavalli, nel senso di \u201cinsieme ai cavalli\u201d che vengono considerati dei partner, dei compagni di gioco e di lavoro; Tra i principi ispiratori vi \u00e8 quello di educare alla relazione, quindi alla responsabilit\u00e0 e diffondere la pratica di corrette dinamiche relazionali tra uomini animali e ambiente.<\/h3>\n\n\n\n<p><strong><a rel=\"noreferrer noopener\" href=\"https:\/\/www.marshaffinity.it\/uisp\/doc\/UISP_Condizioni%20di%20polizza20162017.pdf\" target=\"_blank\">Clicca qui per consultare la polizza assicurativa UISP<\/a><\/strong><\/p>\n\n\n\n<div style=\"height:13px\" aria-hidden=\"true\" class=\"wp-block-spacer\"><\/div>\n\n\n\n<h2 class=\"wp-block-heading\"><strong><a rel=\"noopener\" href=\"http:\/\/www.specialolympics.it\/\" target=\"_blank\"><\/a><\/strong><\/h2>\n\n\n\n<div class=\"wp-block-image\"><figure class=\"alignleft size-full is-resized\"><img loading=\"lazy\" decoding=\"async\" src=\"https:\/\/www.aiasport.it\/wp-content\/uploads\/2012\/01\/special.jpg\" alt=\"\" class=\"wp-image-640\" width=\"250\" height=\"175\" srcset=\"https:\/\/www.aiasport.it\/wp-content\/uploads\/2012\/01\/special.jpg 250w, https:\/\/www.aiasport.it\/wp-content\/uploads\/2012\/01\/special-214x150.jpg 214w\" sizes=\"(max-width: 250px) 100vw, 250px\" \/><\/figure><\/div>\n\n\n\n<h2 class=\"wp-block-heading\"><strong style=\"color: inherit; font-family: inherit;\"><a rel=\"noopener\" href=\"http:\/\/www.specialolympics.it\/\" target=\"_blank\">Special Olympics Italia<\/a><\/strong><\/h2>\n\n\n\n<h3 class=\"has-large-font-size wp-block-heading\" style=\"font-style:normal;font-weight:400\">E&#8217;&nbsp;un programma internazionale di allenamento sportivo e competizioni atletiche per quasi 3.700.000 persone, ragazzi ed adulti, con disabilit\u00e0 intellettiva. Nel mondo&nbsp;170 paesi adottano il programma SpecialOlympics. <br>Il giuramento dell&#8217;Atleta&nbsp;\u00e8: \u201c<strong>Che io possa vincere, ma se non riuscissi che io possa tentare con tutte le mie forze<\/strong>\u201d. In Italia Special Olympics \u00e8 stato inserito nell\u2019ambito dell\u2019attivit\u00e0 della Federazione italiana Sport Disabili (FISD) per circa 15 anni. Special Olympics Inc \u00e8 riconosciuto dal Comitato Olimpico Internazionale, cos\u00ec come il Comitato Paralimpico.&nbsp;<\/h3>\n\n\n\n<div style=\"height:38px\" aria-hidden=\"true\" class=\"wp-block-spacer\"><\/div>\n\n\n\n<div class=\"wp-block-image\"><figure class=\"alignleft size-full is-resized\"><img loading=\"lazy\" decoding=\"async\" src=\"https:\/\/www.aiasport.it\/wp-content\/uploads\/2012\/01\/logo_coni.gif\" alt=\"\" class=\"wp-image-981\" width=\"259\" height=\"167\"\/><\/figure><\/div>\n\n\n\n<p class=\"has-larger-font-size\"><a href=\"http:\/\/registrosocietasportive.coni.it\/\"><strong>Registro Nazionale delle Associazioni e Societ\u00e0 Sportive dilettantistiche<\/strong><\/a><\/p>\n\n\n\n<p class=\"has-large-font-size\">Il Registro \u00e8 lo strumento che il Consiglio Nazionale del CONI ha istituito per confermare definitivamente \u201cil riconoscimento ai fini sportivi\u201d alle associazioni\/societ\u00e0 sportive dilettantistiche, gi\u00e0 affiliate alle Federazioni Sportive Nazionali, alle Discipline Sportive Associate ed agli Enti di Promozione Sportiva.<\/p>\n\n\n\n<p><\/p>\n\n\n\n<div style=\"height:46px\" aria-hidden=\"true\" class=\"wp-block-spacer\"><\/div>\n\n\n\n<div class=\"wp-block-image\"><figure class=\"alignleft size-full is-resized\"><img loading=\"lazy\" decoding=\"async\" src=\"https:\/\/www.aiasport.it\/wp-content\/uploads\/2012\/01\/therapy_04.gif\" alt=\"\" class=\"wp-image-656\" width=\"259\" height=\"163\"\/><\/figure><\/div>\n\n\n\n<h2 class=\"has-larger-font-size wp-block-heading\"><strong><strong style=\"color: inherit; font-family: inherit;\"><strong style=\"color: inherit; font-family: inherit;\"><a href=\"http:\/\/www.frdi.net\">HETI: The Federation of Horses in Education and Therapy International&nbsp;(ex FRDI)<\/a><\/strong><\/strong><\/strong><\/h2>\n\n\n\n<h3 class=\"has-large-font-size wp-block-heading\" style=\"font-style:normal;font-weight:400\">La <strong>Federation of Horses in Education and Therapy International<\/strong>,&nbsp; la cui sede&nbsp; si trova in Australia ha la missione di facilitare la collaborazione tra organizzazioni e individui con gli stessi obiettivi, di natura filantropici, scientifici, ed educativi nel campo delle terapie assistite con cavalli.<\/h3>\n\n\n\n<h2 class=\"wp-block-heading\"><strong><a href=\"http:\/\/www.equitabile.it\/\" target=\"_blank\" rel=\"noopener\">&nbsp;<\/a><\/strong><\/h2>\n\n\n","protected":false},"excerpt":{"rendered":"<p>L&#8217;aiasport onlus \u00e8 affiliata a: UISP \u2013 Lega Attivit\u00e0 Equestri L&#8217;UISP (Unione Italiana Sport Per tutti) \u00e8 un\u2019associazione nazionale forte e consolidata che ha l&#8217;obiettivo di estendere il diritto allo sport a tutti, cercando di approfondire e far conoscere le varie facce dello &#8220;sport per tutti&#8221; e del suo &#8220;valore sociale&#8221;. Il tema della solidariet\u00e0, &hellip; <\/p>\n<p><a class=\"more-link btn\" href=\"https:\/\/www.aiasport.it\/index.php\/le-affiliazioni\/\">Continua a leggere<\/a><\/p>\n","protected":false},"author":1,"featured_media":0,"parent":0,"menu_order":0,"comment_status":"open","ping_status":"open","template":"template-onecolumn.php","meta":{"footnotes":""},"_links":{"self":[{"href":"https:\/\/www.aiasport.it\/index.php\/wp-json\/wp\/v2\/pages\/630"}],"collection":[{"href":"https:\/\/www.aiasport.it\/index.php\/wp-json\/wp\/v2\/pages"}],"about":[{"href":"https:\/\/www.aiasport.it\/index.php\/wp-json\/wp\/v2\/types\/page"}],"author":[{"embeddable":true,"href":"https:\/\/www.aiasport.it\/index.php\/wp-json\/wp\/v2\/users\/1"}],"replies":[{"embeddable":true,"href":"https:\/\/www.aiasport.it\/index.php\/wp-json\/wp\/v2\/comments?post=630"}],"version-history":[{"count":49,"href":"https:\/\/www.aiasport.it\/index.php\/wp-json\/wp\/v2\/pages\/630\/revisions"}],"predecessor-version":[{"id":6284,"href":"https:\/\/www.aiasport.it\/index.php\/wp-json\/wp\/v2\/pages\/630\/revisions\/6284"}],"wp:attachment":[{"href":"https:\/\/www.aiasport.it\/index.php\/wp-json\/wp\/v2\/media?parent=630"}],"curies":[{"name":"wp","href":"https:\/\/api.w.org\/{rel}","templated":true}]}}