{"id":55,"date":"2011-12-27T09:52:41","date_gmt":"2011-12-27T09:52:41","guid":{"rendered":"http:\/\/www.aiasport.it\/?page_id=55"},"modified":"2024-02-11T08:48:23","modified_gmt":"2024-02-11T08:48:23","slug":"formazione-e-inserimento-lavorativo","status":"publish","type":"page","link":"https:\/\/www.aiasport.it\/index.php\/formazione-e-inserimento-lavorativo\/","title":{"rendered":"Formazione lavoro per disabili"},"content":{"rendered":"\n<div class=\"wp-block-image\"><figure class=\"alignleft size-full is-resized\"><img loading=\"lazy\" decoding=\"async\" src=\"https:\/\/www.aiasport.it\/wp-content\/uploads\/2011\/12\/Puliamo-la-pancia1.jpg\" alt=\"\" class=\"wp-image-345\" width=\"352\" height=\"469\" srcset=\"https:\/\/www.aiasport.it\/wp-content\/uploads\/2011\/12\/Puliamo-la-pancia1.jpg 768w, https:\/\/www.aiasport.it\/wp-content\/uploads\/2011\/12\/Puliamo-la-pancia1-500x667.jpg 500w, https:\/\/www.aiasport.it\/wp-content\/uploads\/2011\/12\/Puliamo-la-pancia1-700x933.jpg 700w, https:\/\/www.aiasport.it\/wp-content\/uploads\/2011\/12\/Puliamo-la-pancia1-225x300.jpg 225w\" sizes=\"(max-width: 352px) 100vw, 352px\" \/><\/figure><\/div>\n\n\n\n<h3 class=\"has-large-font-size wp-block-heading\" style=\"font-style:normal;font-weight:400\">L&#8217;aiasport\u00a0crea\u00a0ed attua\u00a0progetti educativo-formativi al lavoro per aiutante di scuderia, rivolti a giovani disabili e\/o con problemi relazionali. Lavorare in un maneggio, prendendosi cura dei cavalli scuderizzati, grooming, offre numerosissime opportunit\u00e0 e rappresenta un\u2019esperienza importante in cui vengono coinvolti molteplici aspetti: la motricit\u00e0, l\u2019affettivit\u00e0, la capacit\u00e0 di relazione e di comunicazione.<\/h3>\n\n\n\n<h3 class=\"has-large-font-size wp-block-heading\" style=\"font-style:normal;font-weight:400\">Prendersi cura di un cavallo non significa solo pulirlo, ma anche imparare a nutrirlo, a tenerlo in allenamento; imparare a riconoscere i suoi bisogni, a curarlo se sta male; infine \u00e8 una soddisfazione unica imparare a montarlo correttamente, a trottare, galoppare, fare delle passeggiate all\u2019aria aperta.<\/h3>\n\n\n\n<h3 class=\"has-large-font-size wp-block-heading\" style=\"font-style:normal;font-weight:400\">Queste sono tutte attivit\u00e0 che richiedono un certo impegno ma, secondo la nostra esperienza, per persone con difficolt\u00e0 relazionali o con un lieve ritardo mentale, lavorare in un maneggio a contatto con i cavalli, rappresenta un\u2019opportunit\u00e0 di crescita e una realt\u00e0 occupazionale concreta e \u201cpreferenziale\u201d rispetto ad altri ambiti lavorativi.<\/h3>\n\n\n\n<div style=\"height:22px\" aria-hidden=\"true\" class=\"wp-block-spacer\"><\/div>\n\n\n\n<h3 class=\"wp-block-heading\"><img loading=\"lazy\" decoding=\"async\" width=\"950\" height=\"1266\" class=\"alignleft  wp-image-851\" style=\"width: 350px;\" src=\"http:\/\/www.aiasport.it\/wp-content\/uploads\/2011\/12\/Luigi-pulisce1-950x1266.jpg\" alt=\"\" srcset=\"https:\/\/www.aiasport.it\/wp-content\/uploads\/2011\/12\/Luigi-pulisce1-950x1266.jpg 950w, https:\/\/www.aiasport.it\/wp-content\/uploads\/2011\/12\/Luigi-pulisce1-500x667.jpg 500w, https:\/\/www.aiasport.it\/wp-content\/uploads\/2011\/12\/Luigi-pulisce1-700x933.jpg 700w, https:\/\/www.aiasport.it\/wp-content\/uploads\/2011\/12\/Luigi-pulisce1-112x150.jpg 112w, https:\/\/www.aiasport.it\/wp-content\/uploads\/2011\/12\/Luigi-pulisce1-590x786.jpg 590w, https:\/\/www.aiasport.it\/wp-content\/uploads\/2011\/12\/Luigi-pulisce1.jpg 1554w\" sizes=\"(max-width: 950px) 100vw, 950px\" \/><\/h3>\n\n\n\n<h3 class=\"has-large-font-size wp-block-heading\" style=\"font-style:normal;font-weight:400\">Dopo una&nbsp;trentennale esperienza di lavoro, l\u2019\u00e9quipe ha deciso di promuovere e di incentivare il settore della formazione professionale per persone disabili, istituendo dei corsi di durata annuale o biennale inerenti alla creazione di figure professionali legate al mondo degli animali e della vita agreste. Nello specifico il corso \u00e8 orientato all\u2019acquisizione di competenze relative alla vita di scuderia, con particolare attenzione alla cura del cavallo, al suo allenamento e alla gestione e manutenzione di spazi e materiali ad esso collegati.<\/h3>\n\n\n\n<h3 class=\"has-large-font-size wp-block-heading\" style=\"font-style:normal;font-weight:400\">Il corso, prevalentemente di carattere pratico-esperenziale, in cui viene offerto ad ogni allievo la possibilit\u00e0 di sperimentare personalmente il lavoro col cavallo e gli ambienti ad esso collegati, \u00e8 supportato da una parte teorica, nella quale gli vengono fornite informazioni di ordine pi\u00f9 generale sul mondo e sulla vita di questi animali.<\/h3>\n\n\n\n<h3 class=\"has-large-font-size wp-block-heading\" style=\"font-style:normal;font-weight:400\">Segue poi una fase di tirocinio pratico in cui ogni partecipante, assistito da un educatore dell&#8217;\u00e9quipe di formazione, viene introdotto al lavoro sul campo, in un percorso di progressiva autonomia.<\/h3>\n\n\n\n<p><\/p>\n\n\n\n<p><\/p>\n\n\n\n<div style=\"height:13px\" aria-hidden=\"true\" class=\"wp-block-spacer\"><\/div>\n\n\n\n<h2 class=\"wp-block-heading\"><a href=\"http:\/\/www.aiasport.it\/wp-content\/uploads\/2011\/12\/icona20download20pdf.gif\"><img loading=\"lazy\" decoding=\"async\" width=\"411\" height=\"380\" class=\"alignleft  wp-image-857\" style=\"width: 50px;\" src=\"http:\/\/www.aiasport.it\/wp-content\/uploads\/2011\/12\/icona20download20pdf.gif\" alt=\"\" srcset=\"https:\/\/www.aiasport.it\/wp-content\/uploads\/2011\/12\/icona20download20pdf.gif 411w, https:\/\/www.aiasport.it\/wp-content\/uploads\/2011\/12\/icona20download20pdf-162x150.gif 162w\" sizes=\"(max-width: 411px) 100vw, 411px\" \/><\/a><\/h2>\n\n\n\n<h4 class=\"wp-block-heading\"><a href=\"http:\/\/www.aiasport.it\/wp-content\/uploads\/2011\/12\/Progetto-educativo-formativo-x-aiutante-di-scuderia.pdf\">clicca qui per scaricare il progetto<\/a><\/h4>\n\n\n\n<p class=\"has-text-align-left\">&nbsp;<\/p>\n","protected":false},"excerpt":{"rendered":"<p>L&#8217;aiasport\u00a0crea\u00a0ed attua\u00a0progetti educativo-formativi al lavoro per aiutante di scuderia, rivolti a giovani disabili e\/o con problemi relazionali. Lavorare in un maneggio, prendendosi cura dei cavalli scuderizzati, grooming, offre numerosissime opportunit\u00e0 e rappresenta un\u2019esperienza importante in cui vengono coinvolti molteplici aspetti: la motricit\u00e0, l\u2019affettivit\u00e0, la capacit\u00e0 di relazione e di comunicazione. Prendersi cura di un cavallo &hellip; <\/p>\n<p><a class=\"more-link btn\" href=\"https:\/\/www.aiasport.it\/index.php\/formazione-e-inserimento-lavorativo\/\">Continua a leggere<\/a><\/p>\n","protected":false},"author":1,"featured_media":340,"parent":0,"menu_order":0,"comment_status":"open","ping_status":"open","template":"template-onecolumn.php","meta":{"footnotes":""},"_links":{"self":[{"href":"https:\/\/www.aiasport.it\/index.php\/wp-json\/wp\/v2\/pages\/55"}],"collection":[{"href":"https:\/\/www.aiasport.it\/index.php\/wp-json\/wp\/v2\/pages"}],"about":[{"href":"https:\/\/www.aiasport.it\/index.php\/wp-json\/wp\/v2\/types\/page"}],"author":[{"embeddable":true,"href":"https:\/\/www.aiasport.it\/index.php\/wp-json\/wp\/v2\/users\/1"}],"replies":[{"embeddable":true,"href":"https:\/\/www.aiasport.it\/index.php\/wp-json\/wp\/v2\/comments?post=55"}],"version-history":[{"count":23,"href":"https:\/\/www.aiasport.it\/index.php\/wp-json\/wp\/v2\/pages\/55\/revisions"}],"predecessor-version":[{"id":6269,"href":"https:\/\/www.aiasport.it\/index.php\/wp-json\/wp\/v2\/pages\/55\/revisions\/6269"}],"wp:featuredmedia":[{"embeddable":true,"href":"https:\/\/www.aiasport.it\/index.php\/wp-json\/wp\/v2\/media\/340"}],"wp:attachment":[{"href":"https:\/\/www.aiasport.it\/index.php\/wp-json\/wp\/v2\/media?parent=55"}],"curies":[{"name":"wp","href":"https:\/\/api.w.org\/{rel}","templated":true}]}}