{"id":1255,"date":"2012-05-25T10:40:00","date_gmt":"2012-05-25T10:40:00","guid":{"rendered":"http:\/\/www.aiasport.it\/?page_id=1255"},"modified":"2017-03-20T15:20:03","modified_gmt":"2017-03-20T15:20:03","slug":"gruppo-sportivo","status":"publish","type":"page","link":"https:\/\/www.aiasport.it\/index.php\/gruppo-sportivo\/","title":{"rendered":"Gruppo sportivo"},"content":{"rendered":"<h3>Fanno parte del gruppo sportivo i cavalieri che hanno acquisito una discreta autonomia in sella e, oltre alle lezioni settimanali di equitazione, desiderano partecipare ad escursioni, meeting e competizioni equestri a livello locale, regionale e nazionale.<\/h3>\n<h3><\/h3>\n<h3><strong><img loading=\"lazy\" decoding=\"async\" class=\"alignleft\" style=\"margin-left: 10px; margin-right: 10px;\" title=\"Federica Fusari \" src=\"http:\/\/www.aiasport.it\/wp-content\/uploads\/2012\/01\/DSF8994-150x150.jpg\" alt=\"Federica Fusari \" width=\"150\" height=\"150\" \/>Federica Fusari<\/strong><\/h3>\n<h3><em>&#8220;Sono Federica Fusari vado a cavallo da 13 anni e\u00a0 faccio parte del Gruppo sportivo Aiasport da molti anni, il mio cavallo preferito \u00e8 Armis che \u00e8 un. trotter Per me montare a cavallo \u00e8 una cosa bellissima e mi fa sentire libera e felice\u00a0 e ogni volta che monto \u00e8 un arricchimento equestre perch\u00e9 ogni tanto cambio cavallo: o partecipo a manifestazioni in Italia.\u00a0Spero di fare tante esperienze e molti concorsi per conoscere tanti cavalli ma soprattutto\u00a0conoscere tante persone e tanti amici.&#8221;<\/em><\/h3>\n<p>&nbsp;<\/p>\n<h3><strong><img loading=\"lazy\" decoding=\"async\" class=\"alignleft size-thumbnail wp-image-1258\" style=\"margin-left: 10px; margin-right: 10px;\" title=\"Erika Tattini\" src=\"http:\/\/www.aiasport.it\/wp-content\/uploads\/2012\/05\/Erika-Tattini-150x150.jpg\" alt=\"\" width=\"150\" height=\"150\" srcset=\"https:\/\/www.aiasport.it\/wp-content\/uploads\/2012\/05\/Erika-Tattini-150x150.jpg 150w, https:\/\/www.aiasport.it\/wp-content\/uploads\/2012\/05\/Erika-Tattini-500x500.jpg 500w, https:\/\/www.aiasport.it\/wp-content\/uploads\/2012\/05\/Erika-Tattini-100x100.jpg 100w, https:\/\/www.aiasport.it\/wp-content\/uploads\/2012\/05\/Erika-Tattini-700x699.jpg 700w, https:\/\/www.aiasport.it\/wp-content\/uploads\/2012\/05\/Erika-Tattini-590x589.jpg 590w, https:\/\/www.aiasport.it\/wp-content\/uploads\/2012\/05\/Erika-Tattini-950x949.jpg 950w, https:\/\/www.aiasport.it\/wp-content\/uploads\/2012\/05\/Erika-Tattini.jpg 1107w\" sizes=\"(max-width: 150px) 100vw, 150px\" \/>Erika Tattini<\/strong><\/h3>\n<h3><em>&#8220;Ciao, sono ErikaTattini. Da un anno faccio parte del gruppo sportivo <\/em><em>e mi piace molto andare a cavallo.&#8221;<\/em><\/h3>\n<p>&nbsp;<\/p>\n<p>&nbsp;<\/p>\n<p>&nbsp;<\/p>\n<p>&nbsp;<\/p>\n","protected":false},"excerpt":{"rendered":"<p>Fanno parte del gruppo sportivo i cavalieri che hanno acquisito una discreta autonomia in sella e, oltre alle lezioni settimanali di equitazione, desiderano partecipare ad escursioni, meeting e competizioni equestri a livello locale, regionale e nazionale. Federica Fusari &#8220;Sono Federica Fusari vado a cavallo da 13 anni e\u00a0 faccio parte del Gruppo sportivo Aiasport da &hellip; <\/p>\n<p><a class=\"more-link btn\" href=\"https:\/\/www.aiasport.it\/index.php\/gruppo-sportivo\/\">Continua a leggere<\/a><\/p>\n","protected":false},"author":1,"featured_media":0,"parent":0,"menu_order":0,"comment_status":"open","ping_status":"open","template":"","meta":{"footnotes":""},"_links":{"self":[{"href":"https:\/\/www.aiasport.it\/index.php\/wp-json\/wp\/v2\/pages\/1255"}],"collection":[{"href":"https:\/\/www.aiasport.it\/index.php\/wp-json\/wp\/v2\/pages"}],"about":[{"href":"https:\/\/www.aiasport.it\/index.php\/wp-json\/wp\/v2\/types\/page"}],"author":[{"embeddable":true,"href":"https:\/\/www.aiasport.it\/index.php\/wp-json\/wp\/v2\/users\/1"}],"replies":[{"embeddable":true,"href":"https:\/\/www.aiasport.it\/index.php\/wp-json\/wp\/v2\/comments?post=1255"}],"version-history":[{"count":8,"href":"https:\/\/www.aiasport.it\/index.php\/wp-json\/wp\/v2\/pages\/1255\/revisions"}],"predecessor-version":[{"id":3133,"href":"https:\/\/www.aiasport.it\/index.php\/wp-json\/wp\/v2\/pages\/1255\/revisions\/3133"}],"wp:attachment":[{"href":"https:\/\/www.aiasport.it\/index.php\/wp-json\/wp\/v2\/media?parent=1255"}],"curies":[{"name":"wp","href":"https:\/\/api.w.org\/{rel}","templated":true}]}}