{"id":116,"date":"2011-12-27T15:22:57","date_gmt":"2011-12-27T15:22:57","guid":{"rendered":"http:\/\/www.aiasport.it\/?page_id=116"},"modified":"2024-04-04T06:45:05","modified_gmt":"2024-04-04T06:45:05","slug":"gli-operatori","status":"publish","type":"page","link":"https:\/\/www.aiasport.it\/index.php\/gli-operatori\/","title":{"rendered":"Gli operatori"},"content":{"rendered":"\n<p class=\"has-large-font-size\"><strong>Isabella Benni<\/strong><\/p>\n\n\n\n<div class=\"wp-block-image\"><figure class=\"alignright size-full is-resized\"><img decoding=\"async\" src=\"https:\/\/www.aiasport.it\/wp-content\/uploads\/2024\/02\/Isabella-Benni-1.jpg\" alt=\"\" class=\"wp-image-6326\" width=\"380\" height=\"-104\" srcset=\"https:\/\/www.aiasport.it\/wp-content\/uploads\/2024\/02\/Isabella-Benni-1.jpg 541w, https:\/\/www.aiasport.it\/wp-content\/uploads\/2024\/02\/Isabella-Benni-1-155x150.jpg 155w\" sizes=\"(max-width: 541px) 100vw, 541px\" \/><\/figure><\/div>\n\n\n\n<p><strong><strong>Presidente dell\u2019ASD Aiasport APS, Coadiutrice del cavallo negli IAA, Assistente all\u2019attivit\u00e0 equestre per disabili.<\/strong><\/strong><\/p>\n\n\n\n<p>Esperta amazzone e amante dei cavalli fin da bambina, dal 2006 ha unito questa sua passione al desiderio di operare a favore di persone disabili, formandosi al corso per volontari organizzato da Volab\u00f2 e dall\u2019Aiasport e al corso di Assistente all\u2019attivit\u00e0 equestre per disabili, organizzato dall\u2019AUSL di Bologna. Con il tempo si \u00e8 rivelata una delle pi\u00f9 valide volontarie dell\u2019Aiasport Onlus. Nel 2009 diventa Consigliere e da dicembre 2012 \u00e8 il nuovo Presidente dell\u2019Associazione. Dal 2017 collabora con l\u2019associazione anche come coadiutrice del cavallo.<\/p>\n\n\n\n<p>\u201cIl primo approccio con i cavalli l\u2019ho avuto a nove anni e da allora non ci siamo pi\u00f9 lasciati! Sono stati testimoni silenziosi ma affettuosissimi di tanti momenti belli e brutti della mia vita, fino ad approdare ad Aiasport nel 2006, dove ho scoperto una nuova e meravigliosa dimensione del cavallo. Da allora sono passata da volontaria a Presidente di una piccola grande trib\u00f9 fatta di persone con competenze profonde nei vari campi della riabilitazione equestre e con un cuore grande che pulsa di amore per i nostri ragazzi e per le loro famiglie\u201d.<\/p>\n\n\n\n<p><strong>Sono fiera di essere parte di Aiasport!<\/strong>&#8220;<\/p>\n\n\n\n<p><\/p>\n\n\n\n<div style=\"height:19px\" aria-hidden=\"true\" class=\"wp-block-spacer\"><\/div>\n\n\n\n<p class=\"has-large-font-size\"><strong>Maria Laura Tabacchi<\/strong><\/p>\n\n\n\n<div class=\"wp-block-image\"><figure class=\"alignleft size-full is-resized\"><img loading=\"lazy\" decoding=\"async\" src=\"https:\/\/www.aiasport.it\/wp-content\/uploads\/2024\/02\/Maria-Laura-Tabacchi.jpg\" alt=\"\" class=\"wp-image-6329\" width=\"380\" height=\"360\"\/><\/figure><\/div>\n\n\n\n<p><strong><strong>Coordinatrice del servizio di attivit\u00e0 equestre Aiasport, addetta alla riabilitazione equestre&nbsp; ANIRE, Tecnico educatore-specializzazione disabilit\u00e0, Responsabile di progetto e Referente di intervento negli EAA e Coadiutrice del cavallo negli IAA.<\/strong><\/strong><\/p>\n\n\n\n<p>Coordinatrice dell\u2019ASD Aiasport APS da oltre 15 anni, presidente dell\u2019associazione dal 2007 al 2012, con decennale esperienza nel settore dell\u2019equitazione per disabili, collabora con l\u2019Aiasport dal 1997. Dopo aver conseguito il diploma di addetta alla riabilitazione equestre&nbsp; ANIRE, ha unito la sua formazione di psicologa e psicoterapeuta rogersiana, alla sua passione per i cavalli e per lo sport per tutti.<\/p>\n\n\n\n<p>\u201cCi\u00f2 che mi ha spinto a intraprendere questo lavoro \u00e8 stata la ferma convinzione che il rapporto con un animale, nello specifico con il cavallo, sia fonte di benessere psico-fisico a 360 gradi per chiunque, avendolo vissuto in prima persona su me stessa. Gli studi intrapresi durante il mio percorso universitario e la formazione ad hoc svolta in seguito non hanno fatto che avvalorare questa ipotesi.<\/p>\n\n\n\n<p>In questi oltre 20 anni di lavoro sono cambiate molte cose: non monto pi\u00f9 a cavallo per problemi alle ginocchia e, a malincuore, ho via via dovuto ridurre la mia presenza in campo a favore dell\u2019aumento esponenziale delle pratiche burocratiche e normativo-fiscali da assolvere per poter far sopravvivere la nostra associazione, arrivando a volte a essere sopraffatta dalle mille preoccupazioni di aver fatto tutto bene, di non aver scordato qualche scadenza, ecc\u2026 In questi momenti di sconforto mi basta tornare in maneggio e guardare i volti dei miei \u201cragazzi\u201d quando sono a cavallo; vedere la gioia nei loro occhi, l\u2019affetto con cui accarezzano il loro cavallo preferito e l\u2019entusiasmo con cui gli porgono la carota a fine lezione, mi fa passare tutta la fatica e le incertezze del momento.<\/p>\n\n\n\n<p><strong>Aiasport oltre a essere il mio lavoro \u00e8 la mia seconda casa e non riesco a pensare ad un altro posto dove vorrei essere<\/strong>!\u201d<\/p>\n\n\n\n<div style=\"height:19px\" aria-hidden=\"true\" class=\"wp-block-spacer\"><\/div>\n\n\n\n<p class=\"has-large-font-size\"><strong>Angela Zampa<\/strong><\/p>\n\n\n\n<div class=\"wp-block-image\"><figure class=\"alignright size-full is-resized\"><img decoding=\"async\" src=\"https:\/\/www.aiasport.it\/wp-content\/uploads\/2024\/02\/Angela-Zampa.jpg\" alt=\"\" class=\"wp-image-6335\" width=\"380\" srcset=\"https:\/\/www.aiasport.it\/wp-content\/uploads\/2024\/02\/Angela-Zampa.jpg 950w, https:\/\/www.aiasport.it\/wp-content\/uploads\/2024\/02\/Angela-Zampa-590x583.jpg 590w, https:\/\/www.aiasport.it\/wp-content\/uploads\/2024\/02\/Angela-Zampa-152x150.jpg 152w, https:\/\/www.aiasport.it\/wp-content\/uploads\/2024\/02\/Angela-Zampa-768x759.jpg 768w, https:\/\/www.aiasport.it\/wp-content\/uploads\/2024\/02\/Angela-Zampa-870x860.jpg 870w\" sizes=\"(max-width: 950px) 100vw, 950px\" \/><\/figure><\/div>\n\n\n\n<p><strong><strong>Referente Aiasport dei campi estivi a cavallo per minori disabili e dei progetti di autonomia e tempo libero per adolescenti disabili, Responsabile di progetto e Referente di intervento negli EAA, Coadiutrice del cavallo negli IAA, Operatore sportivo della disabilit\u00e0.<\/strong><\/strong><\/p>\n\n\n\n<p>Psicologa clinica, dal 2000 operatrice addetta alla riabilitazione equestre presso l\u2019ASD Aiasport APS, \u00e8 la responsabile del \u201cProgetto adolescenti Aiasport\u201d e &nbsp;delle settimane verdi a cavallo rivolte a minori disabili e con disagio psico-sociale, nonch\u00e9 dei progetti di avvicinamento al cavallo con persone con demenza, con bambini e ragazzi dell\u2019oncologia pediatrica e con giovani con disturbi del comportamento alimentare.<\/p>\n\n\n\n<p>\u201cOgni volta che li vedo, nel silenzio, guardarsi uno vicino all\u2019altro, il ragazzo e il cavallo evocano una antica magia \u201cL\u2019INCANTO\u201c: \u201cE improvvisamente m\u2019illumino\u2026 torno dal vuoto di nuovo integra perch\u00e9 la parola \u201caltro\u201c ti salva da questo senso del nulla, l\u2019altro ti attiva e ti fa capire che tu vivi e sei quello che sei perch\u00e9 fai parte di un tutto fatto da tutti gli esseri viventi, composto dagli altri\u2026 ogni volta che mi tuffo e mi perdo in questo Ego dilatato, nel mio egocentrismo, il pensiero che gli altri esistono come me e che in qualche modo posso e possono essere un aiuto, un braccio, una spalla, gambe e occhi, un cuore e una speranza\u2026&nbsp;<strong>Ecco che tutto torna sereno e so per certo che questa \u00e8 la mia strada, la mia scelta di vita\u2026\u201d&nbsp;<\/strong><\/p>\n\n\n\n<div style=\"height:24px\" aria-hidden=\"true\" class=\"wp-block-spacer\"><\/div>\n\n\n\n<div class=\"wp-block-image\"><figure class=\"alignleft size-full is-resized\"><img decoding=\"async\" src=\"https:\/\/www.aiasport.it\/wp-content\/uploads\/2024\/02\/Francesca-Stanzani.jpg\" alt=\"\" class=\"wp-image-6359\" width=\"380\" srcset=\"https:\/\/www.aiasport.it\/wp-content\/uploads\/2024\/02\/Francesca-Stanzani.jpg 551w, https:\/\/www.aiasport.it\/wp-content\/uploads\/2024\/02\/Francesca-Stanzani-145x150.jpg 145w\" sizes=\"(max-width: 551px) 100vw, 551px\" \/><\/figure><\/div>\n\n\n\n<p class=\"has-large-font-size\"><strong>Francesca Stanzani<\/strong><\/p>\n\n\n\n<p><strong>Veterinaria <strong>responsabile del benessere dei cavalli dell\u2019Aiasport, Tecnico Fise sport interventi assistiti con il cavallo, Operatore ludico Fise e Tecnico riabilitazione equestre, Coadiutrice del cavallo negli IAA<\/strong><\/strong><\/p>\n\n\n\n<p>Veterinaria esperta negli IAA, operatrice di Riabilitazione Equestre (FISE), animatrice Pony Games (FISE), dal 2009 collabora con l\u2019associazione in particolare nella cura e gestione dei cavalli Aiasport e nell\u2019attivit\u00e0 equestre con bambini disabili e nei progetti che coinvolgono le loro classi scolastiche di riferimento.<\/p>\n\n\n\n<p><\/p>\n\n\n\n<p><\/p>\n\n\n\n<div style=\"height:18px\" aria-hidden=\"true\" class=\"wp-block-spacer\"><\/div>\n\n\n\n<div class=\"wp-block-image\"><figure class=\"alignright size-large is-resized\"><img decoding=\"async\" src=\"https:\/\/www.aiasport.it\/wp-content\/uploads\/2024\/02\/Bruna-Morini-950x1018.jpg\" alt=\"\" class=\"wp-image-6341\" width=\"380\" height=\"-554\" srcset=\"https:\/\/www.aiasport.it\/wp-content\/uploads\/2024\/02\/Bruna-Morini-950x1018.jpg 950w, https:\/\/www.aiasport.it\/wp-content\/uploads\/2024\/02\/Bruna-Morini-590x632.jpg 590w, https:\/\/www.aiasport.it\/wp-content\/uploads\/2024\/02\/Bruna-Morini-140x150.jpg 140w, https:\/\/www.aiasport.it\/wp-content\/uploads\/2024\/02\/Bruna-Morini-768x823.jpg 768w, https:\/\/www.aiasport.it\/wp-content\/uploads\/2024\/02\/Bruna-Morini-870x932.jpg 870w, https:\/\/www.aiasport.it\/wp-content\/uploads\/2024\/02\/Bruna-Morini.jpg 1189w\" sizes=\"(max-width: 950px) 100vw, 950px\" \/><\/figure><\/div>\n\n\n\n<p class=\"has-large-font-size\"><strong>Bruna Morini<\/strong><\/p>\n\n\n\n<p><strong>Responsabile del gruppo sportivo Aiasport, Educatrice socio-pedagogica, Tecnico sport integrati e Tecnico interventi assistiti col cavallo Fise, Coadiutrice del cavallo negli IAA.<\/strong><\/p>\n\n\n\n<p>E\u2019 referente provinciale delle Attivit\u00e0 Equestri e Cinofile UISP, nonch\u00e9 referente regionale per l\u2019equitazione&nbsp; Special Olympics Italia e tecnico&nbsp; SOI di secondo livello.<\/p>\n\n\n\n<p>Dal 2009 collabora con la nostra associazione ed \u00e8 la responsabile del gruppo sportivo di Aiasport,&nbsp; accompagna gli atleti in gare regionali e nazionali, e li prepara per eventuali convocazioni internazionali, decidendo il programma settimanale di allenamento.<\/p>\n\n\n\n<p><\/p>\n\n\n\n<p><\/p>\n\n\n\n<p><\/p>\n\n\n\n<div style=\"height:24px\" aria-hidden=\"true\" class=\"wp-block-spacer\"><\/div>\n\n\n\n<p class=\"has-large-font-size\"><strong>Valentina Veronesi<\/strong><\/p>\n\n\n\n<div class=\"wp-block-image\"><figure class=\"alignleft size-full is-resized\"><img decoding=\"async\" src=\"https:\/\/www.aiasport.it\/wp-content\/uploads\/2024\/02\/Valentina-Veronesi.jpg\" alt=\"\" class=\"wp-image-6344\" width=\"380\" srcset=\"https:\/\/www.aiasport.it\/wp-content\/uploads\/2024\/02\/Valentina-Veronesi.jpg 630w, https:\/\/www.aiasport.it\/wp-content\/uploads\/2024\/02\/Valentina-Veronesi-590x592.jpg 590w, https:\/\/www.aiasport.it\/wp-content\/uploads\/2024\/02\/Valentina-Veronesi-150x150.jpg 150w\" sizes=\"(max-width: 630px) 100vw, 630px\" \/><\/figure><\/div>\n\n\n\n<p><strong><strong>Tecnico educatore-specializzazione disabilit\u00e0, Coadiutrice del cavallo negli IAA, Istruttrice EDA di 1\u00b0 Livello<\/strong><\/strong><\/p>\n\n\n\n<p>Esperta amazzone, con decennale esperienza equestre, dal 2007 collabora con l\u2019ASD Aiasport APS, seguendo in particolare i giovani disabili in formazione-lavoro.<\/p>\n\n\n\n<p>\u201cI cavalli sono sempre stati la mia passione fin da piccola la totale libert\u00e0. Il mio approccio al mondo della riabilitazione \u00e8 arrivato in tarda et\u00e0 ma da allora non ne posso pi\u00f9 fare a meno. Ci\u00f2 che provo quando lavoro che, diciamocelo, per me pi\u00f9 che un lavoro \u00e8 una vera passione, \u00e8 gioia, motivazione, serenit\u00e0, riempimento. Il contatto con queste persone \u00e8 speciale, perch\u00e9 loro sono speciali, sono veri, senza pregiudizi, sono pura emozione e trasmettono gioia e voglia di vivere, e ogni volta che torno a casa ho acquistato qualcosa in pi\u00f9 sia da loro che dalla relazione che hanno&nbsp;con i cavalli che sono come loro, puri, e regalano senza limiti ci\u00f2 che hanno per aiutare . Per concludere, se mi chiedessero: \u201cCosa hai raccolto in questi anni dal contatto con questa realt\u00e0?\u201d la mia risposta sarebbe: \u201cTutto\u2026\u201d e penso sia una esperienza che dovrebbero fare tutti per diventare persone migliori.\u201d<\/p>\n\n\n\n<div style=\"height:21px\" aria-hidden=\"true\" class=\"wp-block-spacer\"><\/div>\n\n\n\n<div class=\"wp-block-image\"><figure class=\"alignright size-full is-resized\"><img loading=\"lazy\" decoding=\"async\" src=\"https:\/\/www.aiasport.it\/wp-content\/uploads\/2024\/02\/elisa-ritaglio-700x700-1.jpg\" alt=\"\" class=\"wp-image-6210\" width=\"380\" height=\"386\"\/><\/figure><\/div>\n\n\n\n<p class=\"has-large-font-size\"><strong>Elisa Vertovec<\/strong><\/p>\n\n\n\n<p><strong><strong>Referente dei progetti di integrazione scolastica Aiasport, Educatrice sportiva, Tecnico educatore-specializzazione disabilit\u00e0, Referente di intervento negli EAA, Coadiutrice del cavallo negli IAA<\/strong>isabili<\/strong><\/p>\n\n\n\n<p>Dottoressa in Psicologia, dopo aver svolto il tirocinio curriculare presso Aiasport, dal 2010 collabora con l\u2019associazione in qualit\u00e0 di educatrice sportiva nell\u2019attivit\u00e0 equestre per bambini e adulti disabili, partecipando inoltre alla realizzazione e alla verifica dei progetti educativo-riabilitativi rivolti ai minori disabili del territorio e all\u2019organizzazione dei progetti di integrazione scolastica in maneggio.<\/p>\n\n\n\n<p><\/p>\n\n\n\n<p><\/p>\n\n\n\n<p><\/p>\n\n\n\n<p><\/p>\n\n\n\n<div style=\"height:19px\" aria-hidden=\"true\" class=\"wp-block-spacer\"><\/div>\n\n\n\n<div class=\"wp-block-image\"><figure class=\"alignleft is-resized\"><img loading=\"lazy\" decoding=\"async\" src=\"http:\/\/www.aiasport.it\/wp-content\/uploads\/2011\/12\/Patrizia-Laura-Rossi-ritaglio.jpg\" alt=\"\" class=\"wp-image-725\" width=\"380\" height=\"353\"\/><\/figure><\/div>\n\n\n\n<p class=\"has-large-font-size\"><strong>Patrizia Laura Rossi<\/strong><\/p>\n\n\n\n<p><strong><strong>Artiere Ippico, Accompagnatrice di turismo equestre Ante, OSV UISP, Coadiutrice del cavallo negli IAA.<\/strong><\/strong><\/p>\n\n\n\n<p>Brevetto di specializzazione in riabilitazione equestre dell\u2019area educativa e ludico sportiva ANIRE, dal 2010 collabora con l\u2019Aiasport&nbsp; seguendo alcuni ragazzi disabili che accedono al servizio nei percorsi educativo-formativi al lavoro per la figura di aiutante di scuderia e coadiuvando il lavoro degli istruttori negli interventi di riabilitazione equestre.<\/p>\n\n\n\n<p><\/p>\n\n\n\n<p><\/p>\n\n\n\n<p><\/p>\n\n\n\n<p><\/p>\n\n\n\n<div style=\"height:19px\" aria-hidden=\"true\" class=\"wp-block-spacer\"><\/div>\n\n\n\n<div class=\"wp-block-image\"><figure class=\"alignright size-large is-resized\"><img decoding=\"async\" src=\"https:\/\/www.aiasport.it\/wp-content\/uploads\/2024\/02\/Giuseppe-Tavilla-950x1172.jpg\" alt=\"\" class=\"wp-image-6355\" width=\"380\" srcset=\"https:\/\/www.aiasport.it\/wp-content\/uploads\/2024\/02\/Giuseppe-Tavilla-950x1172.jpg 950w, https:\/\/www.aiasport.it\/wp-content\/uploads\/2024\/02\/Giuseppe-Tavilla-590x728.jpg 590w, https:\/\/www.aiasport.it\/wp-content\/uploads\/2024\/02\/Giuseppe-Tavilla-122x150.jpg 122w, https:\/\/www.aiasport.it\/wp-content\/uploads\/2024\/02\/Giuseppe-Tavilla-768x947.jpg 768w, https:\/\/www.aiasport.it\/wp-content\/uploads\/2024\/02\/Giuseppe-Tavilla-1245x1536.jpg 1245w, https:\/\/www.aiasport.it\/wp-content\/uploads\/2024\/02\/Giuseppe-Tavilla-870x1073.jpg 870w, https:\/\/www.aiasport.it\/wp-content\/uploads\/2024\/02\/Giuseppe-Tavilla.jpg 1528w\" sizes=\"(max-width: 950px) 100vw, 950px\" \/><\/figure><\/div>\n\n\n\n<p class=\"has-large-font-size\"><strong>Giuseppe Tavilla<\/strong><\/p>\n\n\n\n<p><strong>Operatore sportivo disabilit\u00e0 &#8211; Tecnico ginnastica per tutti.<\/strong><\/p>\n\n\n\n<p>Operatore socio-sanitario con esperienza decennale. E\u2019 il pi\u00f9 giovane tra i nostri collaboratori sportivi.<\/p>\n\n\n\n<p>La collaborazione con Aiasport, iniziata nel 2023, gli ha permesso di conoscere l&#8217;ambito della riabilitazione equestre e l&#8217;impatto che questa pu\u00f2 avere nel mondo della disabilit\u00e0 e l\u2019esperienza lo ha profondamente affascinato.<\/p>\n\n\n\n<p><\/p>\n\n\n\n<h5 class=\"wp-block-heading\">&nbsp;<\/h5>\n\n\n\n<h5 class=\"wp-block-heading\">&nbsp;<\/h5>\n\n\n\n<div style=\"height:19px\" aria-hidden=\"true\" class=\"wp-block-spacer\"><\/div>\n\n\n\n<h4 class=\"wp-block-heading\">SI <strong>RINGRAZIANO<\/strong>&nbsp;inoltre i collaboratori e<strong>&nbsp;i VOLONTARI<\/strong> che dedicano alla nostra associazione un po&#8217; del loro tempo, offrendo un grande&nbsp;aiuto, per noi molto prezioso.<\/h4>\n\n\n\n<p><\/p>\n","protected":false},"excerpt":{"rendered":"<p>Isabella Benni Presidente dell\u2019ASD Aiasport APS, Coadiutrice del cavallo negli IAA, Assistente all\u2019attivit\u00e0 equestre per disabili. Esperta amazzone e amante dei cavalli fin da bambina, dal 2006 ha unito questa sua passione al desiderio di operare a favore di persone disabili, formandosi al corso per volontari organizzato da Volab\u00f2 e dall\u2019Aiasport e al corso di &hellip; <\/p>\n<p><a class=\"more-link btn\" href=\"https:\/\/www.aiasport.it\/index.php\/gli-operatori\/\">Continua a leggere<\/a><\/p>\n","protected":false},"author":1,"featured_media":6481,"parent":0,"menu_order":0,"comment_status":"open","ping_status":"open","template":"template-onecolumn.php","meta":{"footnotes":""},"_links":{"self":[{"href":"https:\/\/www.aiasport.it\/index.php\/wp-json\/wp\/v2\/pages\/116"}],"collection":[{"href":"https:\/\/www.aiasport.it\/index.php\/wp-json\/wp\/v2\/pages"}],"about":[{"href":"https:\/\/www.aiasport.it\/index.php\/wp-json\/wp\/v2\/types\/page"}],"author":[{"embeddable":true,"href":"https:\/\/www.aiasport.it\/index.php\/wp-json\/wp\/v2\/users\/1"}],"replies":[{"embeddable":true,"href":"https:\/\/www.aiasport.it\/index.php\/wp-json\/wp\/v2\/comments?post=116"}],"version-history":[{"count":121,"href":"https:\/\/www.aiasport.it\/index.php\/wp-json\/wp\/v2\/pages\/116\/revisions"}],"predecessor-version":[{"id":6362,"href":"https:\/\/www.aiasport.it\/index.php\/wp-json\/wp\/v2\/pages\/116\/revisions\/6362"}],"wp:featuredmedia":[{"embeddable":true,"href":"https:\/\/www.aiasport.it\/index.php\/wp-json\/wp\/v2\/media\/6481"}],"wp:attachment":[{"href":"https:\/\/www.aiasport.it\/index.php\/wp-json\/wp\/v2\/media?parent=116"}],"curies":[{"name":"wp","href":"https:\/\/api.w.org\/{rel}","templated":true}]}}