{"id":114,"date":"2011-12-27T15:22:41","date_gmt":"2011-12-27T15:22:41","guid":{"rendered":"http:\/\/www.aiasport.it\/?page_id=114"},"modified":"2024-02-12T08:25:36","modified_gmt":"2024-02-12T08:25:36","slug":"la-struttura","status":"publish","type":"page","link":"https:\/\/www.aiasport.it\/index.php\/la-struttura\/","title":{"rendered":"La struttura"},"content":{"rendered":"<p>L&#8217;attivit\u00e0 equestre promossa dall\u2019 <strong>ASD AIASPORT APS<\/strong> ha luogo prevalentemente presso il Club &#8221; Il Parco &#8211; G.E.S.E.&#8221;, un grande circolo di equitazione aperto anche ad un pubblico di &#8220;normodotati&#8221;, in cui un\u2019area coperta&nbsp; di forma rettangolare (mt. 15 x 25), e chiaramente delimitata, \u00e8 ad uso esclusivo dell&#8217;Aiasport. All\u2019interno di tale spazio sono presenti punti di riferimento costanti e ben visibili: lettere dell&#8217;alfabeto e cartelloni colorati attaccati alle pareti, grandi coni colorati ed ostacoli di legno al suolo per segnalare gli angoli ed altri percorsi significativi.<\/p>\n\n\n<figure class=\"wp-block-image size-large\"><img loading=\"lazy\" decoding=\"async\" width=\"950\" height=\"379\" src=\"https:\/\/www.aiasport.it\/wp-content\/uploads\/2024\/02\/Operatrici-fuori-dal-maneggio-950x379.jpg\" alt=\"\" class=\"wp-image-6175\" srcset=\"https:\/\/www.aiasport.it\/wp-content\/uploads\/2024\/02\/Operatrici-fuori-dal-maneggio-950x379.jpg 950w, https:\/\/www.aiasport.it\/wp-content\/uploads\/2024\/02\/Operatrici-fuori-dal-maneggio-590x235.jpg 590w, https:\/\/www.aiasport.it\/wp-content\/uploads\/2024\/02\/Operatrici-fuori-dal-maneggio-310x124.jpg 310w, https:\/\/www.aiasport.it\/wp-content\/uploads\/2024\/02\/Operatrici-fuori-dal-maneggio-768x306.jpg 768w, https:\/\/www.aiasport.it\/wp-content\/uploads\/2024\/02\/Operatrici-fuori-dal-maneggio-1536x612.jpg 1536w, https:\/\/www.aiasport.it\/wp-content\/uploads\/2024\/02\/Operatrici-fuori-dal-maneggio-870x347.jpg 870w, https:\/\/www.aiasport.it\/wp-content\/uploads\/2024\/02\/Operatrici-fuori-dal-maneggio.jpg 1575w\" sizes=\"(max-width: 950px) 100vw, 950px\" \/><figcaption>Operatrici fuori dal maneggio<\/figcaption><\/figure>\n\n\n\n<p>Una tribunetta con vetrata si affaccia su un lato del maneggio; questo spazio \u00e8 riservato a genitori ed accompagnatori, consentendo loro di assistere all&#8217;attivit\u00e0 svolta in campo senza interferire con il lavoro degli operatori. Oltre a ci\u00f2 vengono usati uno spiazzo privo di barriere architettoniche in cui cavalli possono essere legati per le operazioni di pulizia, sellaggio e dissellaggio, la selleria ed i box in cui i cavalli sono alloggiati. Circonda questo spazio un&#8217;ampia e bellissima area di parco (il cui accesso \u00e8 vietato alle auto), al cui interno numerosi sentieri possono essere percorsi a piedi o a cavallo.<\/p>\n\n\n\n<figure class=\"wp-block-gallery has-nested-images columns-default is-cropped wp-block-gallery-1 is-layout-flex wp-block-gallery-is-layout-flex\">\n<figure class=\"wp-block-image size-large\"><img loading=\"lazy\" decoding=\"async\" width=\"950\" height=\"632\" data-id=\"6183\" src=\"https:\/\/www.aiasport.it\/wp-content\/uploads\/2024\/02\/Campo-coperto-2-1-950x632.jpg\" alt=\"\" class=\"wp-image-6183\" srcset=\"https:\/\/www.aiasport.it\/wp-content\/uploads\/2024\/02\/Campo-coperto-2-1-950x632.jpg 950w, https:\/\/www.aiasport.it\/wp-content\/uploads\/2024\/02\/Campo-coperto-2-1-590x393.jpg 590w, https:\/\/www.aiasport.it\/wp-content\/uploads\/2024\/02\/Campo-coperto-2-1-225x150.jpg 225w, https:\/\/www.aiasport.it\/wp-content\/uploads\/2024\/02\/Campo-coperto-2-1-768x511.jpg 768w, https:\/\/www.aiasport.it\/wp-content\/uploads\/2024\/02\/Campo-coperto-2-1-1536x1022.jpg 1536w, https:\/\/www.aiasport.it\/wp-content\/uploads\/2024\/02\/Campo-coperto-2-1-870x579.jpg 870w, https:\/\/www.aiasport.it\/wp-content\/uploads\/2024\/02\/Campo-coperto-2-1.jpg 1575w\" sizes=\"(max-width: 950px) 100vw, 950px\" \/><figcaption>Campo coperto<\/figcaption><\/figure>\n\n\n\n<figure class=\"wp-block-image size-large\"><img loading=\"lazy\" decoding=\"async\" width=\"950\" height=\"632\" data-id=\"6374\" src=\"https:\/\/www.aiasport.it\/wp-content\/uploads\/2024\/02\/Davanti-ai-box-2-950x632.jpg\" alt=\"\" class=\"wp-image-6374\" srcset=\"https:\/\/www.aiasport.it\/wp-content\/uploads\/2024\/02\/Davanti-ai-box-2-950x632.jpg 950w, https:\/\/www.aiasport.it\/wp-content\/uploads\/2024\/02\/Davanti-ai-box-2-590x393.jpg 590w, https:\/\/www.aiasport.it\/wp-content\/uploads\/2024\/02\/Davanti-ai-box-2-225x150.jpg 225w, https:\/\/www.aiasport.it\/wp-content\/uploads\/2024\/02\/Davanti-ai-box-2-768x511.jpg 768w, https:\/\/www.aiasport.it\/wp-content\/uploads\/2024\/02\/Davanti-ai-box-2-1536x1022.jpg 1536w, https:\/\/www.aiasport.it\/wp-content\/uploads\/2024\/02\/Davanti-ai-box-2-870x579.jpg 870w, https:\/\/www.aiasport.it\/wp-content\/uploads\/2024\/02\/Davanti-ai-box-2.jpg 1575w\" sizes=\"(max-width: 950px) 100vw, 950px\" \/><figcaption>Davanti ai box<\/figcaption><\/figure>\n\n\n\n<figure class=\"wp-block-image size-large\"><img loading=\"lazy\" decoding=\"async\" width=\"950\" height=\"632\" data-id=\"6180\" src=\"https:\/\/www.aiasport.it\/wp-content\/uploads\/2024\/02\/Maneggio-coperto-950x632.jpg\" alt=\"\" class=\"wp-image-6180\" srcset=\"https:\/\/www.aiasport.it\/wp-content\/uploads\/2024\/02\/Maneggio-coperto-950x632.jpg 950w, https:\/\/www.aiasport.it\/wp-content\/uploads\/2024\/02\/Maneggio-coperto-590x393.jpg 590w, https:\/\/www.aiasport.it\/wp-content\/uploads\/2024\/02\/Maneggio-coperto-225x150.jpg 225w, https:\/\/www.aiasport.it\/wp-content\/uploads\/2024\/02\/Maneggio-coperto-768x511.jpg 768w, https:\/\/www.aiasport.it\/wp-content\/uploads\/2024\/02\/Maneggio-coperto-1536x1022.jpg 1536w, https:\/\/www.aiasport.it\/wp-content\/uploads\/2024\/02\/Maneggio-coperto-870x579.jpg 870w, https:\/\/www.aiasport.it\/wp-content\/uploads\/2024\/02\/Maneggio-coperto.jpg 1575w\" sizes=\"(max-width: 950px) 100vw, 950px\" \/><figcaption>Maneggio coperto<\/figcaption><\/figure>\n\n\n\n<figure class=\"wp-block-image size-large\"><img loading=\"lazy\" decoding=\"async\" width=\"950\" height=\"543\" data-id=\"6186\" src=\"https:\/\/www.aiasport.it\/wp-content\/uploads\/2024\/02\/Spazio-esterno-1-950x543.jpg\" alt=\"\" class=\"wp-image-6186\" srcset=\"https:\/\/www.aiasport.it\/wp-content\/uploads\/2024\/02\/Spazio-esterno-1-950x543.jpg 950w, https:\/\/www.aiasport.it\/wp-content\/uploads\/2024\/02\/Spazio-esterno-1-590x338.jpg 590w, https:\/\/www.aiasport.it\/wp-content\/uploads\/2024\/02\/Spazio-esterno-1-262x150.jpg 262w, https:\/\/www.aiasport.it\/wp-content\/uploads\/2024\/02\/Spazio-esterno-1-768x439.jpg 768w, https:\/\/www.aiasport.it\/wp-content\/uploads\/2024\/02\/Spazio-esterno-1-1536x879.jpg 1536w, https:\/\/www.aiasport.it\/wp-content\/uploads\/2024\/02\/Spazio-esterno-1-870x498.jpg 870w, https:\/\/www.aiasport.it\/wp-content\/uploads\/2024\/02\/Spazio-esterno-1.jpg 1575w\" sizes=\"(max-width: 950px) 100vw, 950px\" \/><figcaption>Spazio esterno<\/figcaption><\/figure>\n<\/figure>\n","protected":false},"excerpt":{"rendered":"<p>L&#8217;attivit\u00e0 equestre promossa dall\u2019 ASD AIASPORT APS ha luogo prevalentemente presso il Club &#8221; Il Parco &#8211; G.E.S.E.&#8221;, un grande circolo di equitazione aperto anche ad un pubblico di &#8220;normodotati&#8221;, in cui un\u2019area coperta&nbsp; di forma rettangolare (mt. 15 x 25), e chiaramente delimitata, \u00e8 ad uso esclusivo dell&#8217;Aiasport. All\u2019interno di tale spazio sono presenti &hellip; <\/p>\n<p><a class=\"more-link btn\" href=\"https:\/\/www.aiasport.it\/index.php\/la-struttura\/\">Continua a leggere<\/a><\/p>\n","protected":false},"author":1,"featured_media":0,"parent":0,"menu_order":0,"comment_status":"open","ping_status":"open","template":"","meta":{"footnotes":""},"_links":{"self":[{"href":"https:\/\/www.aiasport.it\/index.php\/wp-json\/wp\/v2\/pages\/114"}],"collection":[{"href":"https:\/\/www.aiasport.it\/index.php\/wp-json\/wp\/v2\/pages"}],"about":[{"href":"https:\/\/www.aiasport.it\/index.php\/wp-json\/wp\/v2\/types\/page"}],"author":[{"embeddable":true,"href":"https:\/\/www.aiasport.it\/index.php\/wp-json\/wp\/v2\/users\/1"}],"replies":[{"embeddable":true,"href":"https:\/\/www.aiasport.it\/index.php\/wp-json\/wp\/v2\/comments?post=114"}],"version-history":[{"count":13,"href":"https:\/\/www.aiasport.it\/index.php\/wp-json\/wp\/v2\/pages\/114\/revisions"}],"predecessor-version":[{"id":6375,"href":"https:\/\/www.aiasport.it\/index.php\/wp-json\/wp\/v2\/pages\/114\/revisions\/6375"}],"wp:attachment":[{"href":"https:\/\/www.aiasport.it\/index.php\/wp-json\/wp\/v2\/media?parent=114"}],"curies":[{"name":"wp","href":"https:\/\/api.w.org\/{rel}","templated":true}]}}