{"id":1005,"date":"2012-02-23T15:23:15","date_gmt":"2012-02-23T15:23:15","guid":{"rendered":"http:\/\/www.aiasport.it\/?page_id=1005"},"modified":"2012-03-14T14:24:15","modified_gmt":"2012-03-14T14:24:15","slug":"psicomotricita","status":"publish","type":"page","link":"https:\/\/www.aiasport.it\/index.php\/psicomotricita\/","title":{"rendered":"Psicomotricit\u00e0"},"content":{"rendered":"<h3><a href=\"http:\/\/www.aiasport.it\/wp-content\/uploads\/2012\/02\/Foto-cerchi_lgt.jpg\"><img loading=\"lazy\" decoding=\"async\" class=\"wp-image-1075 alignleft\" style=\"margin-left: 10px; margin-right: 10px;\" src=\"http:\/\/www.aiasport.it\/wp-content\/uploads\/2012\/02\/Foto-cerchi_lgt.jpg\" alt=\"foto bambini esercizi psicomotricit\u00e0\" width=\"200\" height=\"200\" srcset=\"https:\/\/www.aiasport.it\/wp-content\/uploads\/2012\/02\/Foto-cerchi_lgt.jpg 480w, https:\/\/www.aiasport.it\/wp-content\/uploads\/2012\/02\/Foto-cerchi_lgt-100x100.jpg 100w, https:\/\/www.aiasport.it\/wp-content\/uploads\/2012\/02\/Foto-cerchi_lgt-150x150.jpg 150w\" sizes=\"(max-width: 200px) 100vw, 200px\" \/><\/a>L\u2019Aiasport attraverso la collaborazione con l&#8217;associazione Gioconfa propone attivit\u00e0 basate sull\u2019 approccio Psicomotorio che privilegia la spontaneit\u00e0 del bambino.<\/h3>\n<h3>Il piacere di arrampicarsi, saltare sul fieno, sentire il profumo del bosco, accarezzare e cavalcare un cavallo, vivere l\u2019equilibrio e le forti emozioni che il corpo in movimento e a contatto con la natura procura\u2026\u2026conoscere ed amare un cavallo e\u2019 un\u2019esperienza meravigliosa e giocare esplorando il bosco un\u2019occasione unica di conoscenza e divertimento.<\/h3>\n<h3>Proponiamo un\u2019attivit\u00e0 equestre individuale e in piccoli gruppi, in cui il cavallo \u00e8 un prezioso compagno di giochi, mediatore naturale di relazioni ed il maneggio un contenitore di emozioni, un ambiente che pu\u00f2 essere usato in tutte le sue parti affinch\u00e8 attraverso il gioco e la relazione col cavallo si favorisca uno sviluppo armonioso della personalit\u00e0 ed il piacere di stare con gli altri.<\/h3>\n<h3>Questa attivit\u00e0 si rivolge con particolare attenzione ai bambini in situazione di disagio (lievi disabilit\u00e0 mentali; disturbi specifici dell\u2019apprendimento; disagio affettivo\/psico-sociale nelle sue diverse espressioni; sindromi da ipoattenzione-iperattivit\u00e0) che esprimono nel gioco, nella scuola, in famiglia, malessere, nervosismo o disarmonia ed \u00e8 nostro scopo attraverso una lettura del senso profondo di ci\u00f2 che\u00a0 i bambini manifestano giocando, intervenire sostenendoli e aiutandoli a scoprire o ritrovare il piacere stesso del gioco in un ambiente naturale ricco di stimoli..<\/h3>\n<h3>\u00a0Gli incontri si svolgono in un contesto Psicomotorio, definito attraverso un setting specifico:<\/h3>\n<h3>&#8211; <strong>il tempo dell\u2019accoglienza<\/strong>, in cui salutarci e poter raccontare di s\u00e8 e ricordare le regole;<\/h3>\n<h3>&#8211; <strong>il tempo dei giochi di movimento<\/strong> in cui saltare, correre, arrampicarsi\u00a0 per incanalare l\u2019energia in maniera creativa, in cui scegliere di provarsi e sperimentarsi in tutta sicurezza;<\/h3>\n<h3>&#8211; <strong>il tempo del cavallo<\/strong>, in cui interagire col cavallo, prendersene cura, osservarlo e comprendelo nella sua natura, e nella relazione con gli altri cavalli (basata sulla collaborazione e sulla valorizzazione delle diversit\u00e0 individuali), per imparare a comprendersi ed essere compresi (anche attraverso l\u2019elaborazione in maniera creativa di tutta la parte emozionale e simbolica che il cavallo pu\u00f2 far emergere).<\/h3>\n<h3>&#8211; <strong>il tempo della rielaborazione<\/strong>, un breve ma importantissimo momento, in cui \u201cmettere delle parole\u201d sulle emozioni vissute a cavallo, in cui raccontare, parlare e se si vuole disegnare.<br \/>\n\u00c8 questo uno spazio per permettere ai bambini di decentrarsi gradualmente e permettere loro di tornare a casa tranquilli.<\/h3>\n<h3>&#8211; <strong>il saluto, <\/strong>ogni volta daremo ai bambini un bigliettino con l\u2019appuntamento per la prossima volta e con i nostri saluti. \u00c8 un semplice strumento per mantenere un contatto affettivo durantela settimana. I bambini possono farne quello che vogliono, chiaro per loro sar\u00e0 che noi, comunque, li aspettiamo.<\/h3>\n<h3>Gli psicomotricisti-istruttori attraverso giochi e percorsi fantastici avvicineranno i bambini al mondo del cavallo e alla natura, li aiuteranno a comprenderne il linguaggio, le emozioni e necessit\u00e0, nel rispetto dell\u2019ambiente e della diversit\u00e0.<\/h3>\n","protected":false},"excerpt":{"rendered":"<p>L\u2019Aiasport attraverso la collaborazione con l&#8217;associazione Gioconfa propone attivit\u00e0 basate sull\u2019 approccio Psicomotorio che privilegia la spontaneit\u00e0 del bambino. Il piacere di arrampicarsi, saltare sul fieno, sentire il profumo del bosco, accarezzare e cavalcare un cavallo, vivere l\u2019equilibrio e le forti emozioni che il corpo in movimento e a contatto con la natura procura\u2026\u2026conoscere ed &hellip; <\/p>\n<p><a class=\"more-link btn\" href=\"https:\/\/www.aiasport.it\/index.php\/psicomotricita\/\">Continua a leggere<\/a><\/p>\n","protected":false},"author":1,"featured_media":1078,"parent":0,"menu_order":0,"comment_status":"open","ping_status":"open","template":"","meta":{"footnotes":""},"_links":{"self":[{"href":"https:\/\/www.aiasport.it\/index.php\/wp-json\/wp\/v2\/pages\/1005"}],"collection":[{"href":"https:\/\/www.aiasport.it\/index.php\/wp-json\/wp\/v2\/pages"}],"about":[{"href":"https:\/\/www.aiasport.it\/index.php\/wp-json\/wp\/v2\/types\/page"}],"author":[{"embeddable":true,"href":"https:\/\/www.aiasport.it\/index.php\/wp-json\/wp\/v2\/users\/1"}],"replies":[{"embeddable":true,"href":"https:\/\/www.aiasport.it\/index.php\/wp-json\/wp\/v2\/comments?post=1005"}],"version-history":[{"count":5,"href":"https:\/\/www.aiasport.it\/index.php\/wp-json\/wp\/v2\/pages\/1005\/revisions"}],"predecessor-version":[{"id":1076,"href":"https:\/\/www.aiasport.it\/index.php\/wp-json\/wp\/v2\/pages\/1005\/revisions\/1076"}],"wp:featuredmedia":[{"embeddable":true,"href":"https:\/\/www.aiasport.it\/index.php\/wp-json\/wp\/v2\/media\/1078"}],"wp:attachment":[{"href":"https:\/\/www.aiasport.it\/index.php\/wp-json\/wp\/v2\/media?parent=1005"}],"curies":[{"name":"wp","href":"https:\/\/api.w.org\/{rel}","templated":true}]}}